{"id":351,"date":"2019-09-19T17:13:43","date_gmt":"2019-09-19T21:13:43","guid":{"rendered":"https:\/\/latelierdumeublejr.com\/restauration\/?page_id=351"},"modified":"2019-09-23T17:04:54","modified_gmt":"2019-09-23T21:04:54","slug":"preparations","status":"publish","type":"page","link":"https:\/\/latelierdumeublejr.com\/restauration\/preparations\/","title":{"rendered":"Pr\u00e9paration de notre travail"},"content":{"rendered":"<div  data-label=\"portes armoires\" data-id=\"features-small-image-cards-section\" data-category=\"features\" class=\"features-small-image-cards-section content-relative\" style=\"background-color: rgb(255, 255, 255); background-image: none;\" id=\"portes-armoires\" data-ovid=\"ovid-portes-armoires-5782\">\n<div  class=\"section-separator-bottom\">\n    <svg  class=\"section-separator-bottom\" data-separator-name=\"triangle-asymmetrical-negative\" preserveAspectRatio=\"none\" viewBox=\"0 0 1000 100\" xmlns=\"http:\/\/www.w3.org\/2000\/svg\">\n        <path  class=\"svg-white-bg\" d=\"M737.9,94.7L0,0v100h1000V0L737.9,94.7z\"><\/path>\n    <\/svg><\/div>\n<div  class=\"gridContainer\">\n<div  class=\"features-small-image-cards-textrow\">\n<div  class=\"features-small-image-cards-textcol dynamic-color\" data-type=\"column\">\n<h2  class=\"\">\u00c9tapes des portes d\u2019armoires<\/h2>\n<p  class=\"\">Voici un aper\u00e7u des \u00e9tapes&nbsp; que <span  style=\"font-weight: 600;\">L\u2019Atelier du Meuble JR<\/span>, fait pour le <span  style=\"font-weight: 600;\">refacing des portes d\u2019armoires.<\/span><\/p>\n\n<\/div>\n<\/div>\n<div  class=\"features-small-image-cards-featrow dark-text\" data-type=\"row\">\n<div  class=\"features-small-image-cards-featcol\">\n<div  class=\"features-small-image-cards-featinnerrow flexbox-list\">\n<div  class=\"features-small-image-cards-imgcol\" data-bg=\"image\" style=\"background-image: url(&quot;https:\/\/latelierdumeublejr.com\/restauration\/wp-content\/uploads\/2019\/09\/etape1-porte.jpg&quot;);\"><\/div>\n<div  class=\"features-small-image-cards-featcol-feattextcol\" data-type=\"column\">\n<h4  class=\"heading103\">\u00c9tape 1<\/h4>\n<p  class=\"\">Enlev\u00e9 la porte et&nbsp; les poign\u00e9es<\/p>\n\n\n<hr  class=\"features-small-image-cards-separator\">\n\n<\/div>\n<\/div>\n<\/div>\n<div  class=\"features-small-image-cards-featcol\">\n<div  class=\"features-small-image-cards-featinnerrow flexbox-list\">\n<div  class=\"features-small-image-cards-imgcol\" data-bg=\"image\" style=\"background-image: url(&quot;https:\/\/latelierdumeublejr.com\/restauration\/wp-content\/uploads\/2019\/09\/bains-portes.jpg&quot;);\"><\/div>\n<div  class=\"features-small-image-cards-featcol-feattextcol\" data-type=\"column\">\n<h4  class=\"heading103\">\u00c9tape 3<\/h4>\n<p  class=\"\">Bains de portes<\/p>\n\n\n<hr  class=\"features-small-image-cards-separator\">\n\n<\/div>\n<\/div>\n<\/div>\n<div  class=\"features-small-image-cards-featcol\">\n<div  class=\"features-small-image-cards-featinnerrow flexbox-list\">\n<div  class=\"features-small-image-cards-imgcol\" data-bg=\"image\" style=\"background-image: url(&quot;https:\/\/latelierdumeublejr.com\/restauration\/wp-content\/uploads\/2019\/09\/etape2-bouche-les-trous.jpg&quot;);\"><\/div>\n<div  class=\"features-small-image-cards-featcol-feattextcol\" data-type=\"column\">\n<h4  class=\"heading103\">\u00c9tape 2<\/h4>\n<p  class=\"\">Bouch\u00e9 les trous&nbsp;<\/p>\n\n\n<hr  class=\"features-small-image-cards-separator\">\n\n<\/div>\n<\/div>\n<\/div>\n<div  class=\"features-small-image-cards-featcol\">\n<div  class=\"features-small-image-cards-featinnerrow flexbox-list\">\n<div  class=\"features-small-image-cards-imgcol\" data-bg=\"image\" style=\"background-image: url(&quot;https:\/\/latelierdumeublejr.com\/restauration\/wp-content\/uploads\/2019\/09\/etape4-finition.jpg&quot;);\"><\/div>\n<div  class=\"features-small-image-cards-featcol-feattextcol\" data-type=\"column\">\n<h4  class=\"heading103\">\u00c9tape 4<\/h4>\n<p  class=\"\">Finition de la porte<\/p>\n\n\n<hr  class=\"features-small-image-cards-separator\">\n\n<\/div>\n<\/div>\n<\/div>\n<\/div>\n<\/div>\n<\/div><div data-label=\"About\" data-id=\"about-big-images-section\" data-category=\"about\" class=\"about-big-images-section\" id=\"about-1\"  style=\"background-color: rgb(255, 255, 255); background-image: none;\" data-ovid=\"ovid-about-1-3391\"> <div class=\"gridContainer\" > <div class=\"about-big-images-textrow\" > <div class=\"about-big-images-textcol dynamic-color\" data-type=\"column\" >    <a class=\"button big transparent\" href=\"#\"  target=\"_self\" data-icon=\"\">GET STARTED NOW<\/a> <\/div> <\/div> <\/div> <div class=\"about-big-images-bottomrow\" > <div class=\"about-big-images-leftimgcol\" ><img decoding=\"async\" class=\"about-big-images-leftimg\" src=\"https:\/\/latelierdumeublejr.com\/restauration\/wp-content\/uploads\/2019\/09\/preparation1.jpg\" > <\/div> <div class=\"about-big-images-centerimgcol\" ><img decoding=\"async\" class=\"about-big-images-centerimg\" src=\"https:\/\/latelierdumeublejr.com\/restauration\/wp-content\/uploads\/2019\/09\/preparation.png\" > <\/div> <div class=\"about-big-images-rightimgcol\" ><img decoding=\"async\" class=\"about-big-images-rightimg\" src=\"https:\/\/latelierdumeublejr.com\/restauration\/wp-content\/uploads\/2019\/09\/preparation7.png\" > <\/div> <\/div> <\/div>","protected":false},"excerpt":{"rendered":"<p>\u00c9tapes des portes d\u2019armoires Voici un aper\u00e7u des \u00e9tapes&nbsp; que L\u2019Atelier du Meuble JR, fait pour le refacing des portes d\u2019armoires. \u00c9tape 1 Enlev\u00e9 la porte et&nbsp; les poign\u00e9es \u00c9tape 3 Bains de portes \u00c9tape 2 Bouch\u00e9 les trous&nbsp; \u00c9tape 4 Finition de la porte GET STARTED NOW<\/p>\n","protected":false},"author":1,"featured_media":0,"parent":0,"menu_order":0,"comment_status":"closed","ping_status":"closed","template":"full-width-page.php","meta":{"footnotes":""},"_links":{"self":[{"href":"https:\/\/latelierdumeublejr.com\/restauration\/wp-json\/wp\/v2\/pages\/351"}],"collection":[{"href":"https:\/\/latelierdumeublejr.com\/restauration\/wp-json\/wp\/v2\/pages"}],"about":[{"href":"https:\/\/latelierdumeublejr.com\/restauration\/wp-json\/wp\/v2\/types\/page"}],"author":[{"embeddable":true,"href":"https:\/\/latelierdumeublejr.com\/restauration\/wp-json\/wp\/v2\/users\/1"}],"replies":[{"embeddable":true,"href":"https:\/\/latelierdumeublejr.com\/restauration\/wp-json\/wp\/v2\/comments?post=351"}],"version-history":[{"count":13,"href":"https:\/\/latelierdumeublejr.com\/restauration\/wp-json\/wp\/v2\/pages\/351\/revisions"}],"predecessor-version":[{"id":404,"href":"https:\/\/latelierdumeublejr.com\/restauration\/wp-json\/wp\/v2\/pages\/351\/revisions\/404"}],"wp:attachment":[{"href":"https:\/\/latelierdumeublejr.com\/restauration\/wp-json\/wp\/v2\/media?parent=351"}],"curies":[{"name":"wp","href":"https:\/\/api.w.org\/{rel}","templated":true}]}}